{"id":870,"date":"2021-05-09T08:48:22","date_gmt":"2021-05-09T08:48:22","guid":{"rendered":"https:\/\/radiosonde.online\/?post_type=product&#038;p=870"},"modified":"2021-05-20T04:04:17","modified_gmt":"2021-05-20T04:04:17","slug":"berrygate-v1-0-gehaeuse-2","status":"publish","type":"product","link":"https:\/\/radiosonde.online\/?product=berrygate-v1-0-gehaeuse-2","title":{"rendered":"Berrygate V1.0 Geh\u00e4use"},"content":{"rendered":"<h2><strong>Berrygate Geh\u00e4use in Wei\u00df.<\/strong><\/h2>\n<p>Beschreibung und Bau sowie weiterf\u00fchrendes <a href=\"https:\/\/youtu.be\/qoXZ3HGSYvY\" target=\"_blank\" rel=\"noopener\">https:\/\/youtu.be\/qoXZ3HGSYvY<\/a><\/p>\n<p>Schwarz kann bei gen\u00fcgend Anfragen auch gefertigt werden, wenn etwas Geduld vorhanden ist.<\/p>\n ","protected":false},"excerpt":{"rendered":"<p>ASA Geh\u00e4use f\u00fcr Berrygate in Wei\u00df.<\/p>\n","protected":false},"featured_media":856,"comment_status":"open","ping_status":"closed","template":"","meta":[],"product_brand":[],"product_cat":[19],"product_tag":[],"class_list":{"0":"post-870","1":"product","2":"type-product","3":"status-publish","4":"has-post-thumbnail","6":"product_cat-gehaeuse-small","7":"product_shipping_class-standard","9":"first","10":"instock","11":"shipping-taxable","12":"purchasable","13":"product-type-simple"},"_links":{"self":[{"href":"https:\/\/radiosonde.online\/index.php?rest_route=\/wp\/v2\/product\/870","targetHints":{"allow":["GET"]}}],"collection":[{"href":"https:\/\/radiosonde.online\/index.php?rest_route=\/wp\/v2\/product"}],"about":[{"href":"https:\/\/radiosonde.online\/index.php?rest_route=\/wp\/v2\/types\/product"}],"replies":[{"embeddable":true,"href":"https:\/\/radiosonde.online\/index.php?rest_route=%2Fwp%2Fv2%2Fcomments&post=870"}],"wp:featuredmedia":[{"embeddable":true,"href":"https:\/\/radiosonde.online\/index.php?rest_route=\/wp\/v2\/media\/856"}],"wp:attachment":[{"href":"https:\/\/radiosonde.online\/index.php?rest_route=%2Fwp%2Fv2%2Fmedia&parent=870"}],"wp:term":[{"taxonomy":"product_brand","embeddable":true,"href":"https:\/\/radiosonde.online\/index.php?rest_route=%2Fwp%2Fv2%2Fproduct_brand&post=870"},{"taxonomy":"product_cat","embeddable":true,"href":"https:\/\/radiosonde.online\/index.php?rest_route=%2Fwp%2Fv2%2Fproduct_cat&post=870"},{"taxonomy":"product_tag","embeddable":true,"href":"https:\/\/radiosonde.online\/index.php?rest_route=%2Fwp%2Fv2%2Fproduct_tag&post=870"}],"curies":[{"name":"wp","href":"https:\/\/api.w.org\/{rel}","templated":true}]}}