{"id":694,"date":"2021-03-13T22:43:35","date_gmt":"2021-03-13T22:43:35","guid":{"rendered":"http:\/\/radiosonde.online\/?post_type=product&#038;p=694"},"modified":"2023-08-08T17:07:35","modified_gmt":"2023-08-08T17:07:35","slug":"gehaeuse-lora-wx","status":"publish","type":"product","link":"https:\/\/radiosonde.online\/?product=gehaeuse-lora-wx","title":{"rendered":"Geh\u00e4use Lora Wetterstation"},"content":{"rendered":"<p>1x Geh\u00e4use f\u00fcr die beschriebene Lora Wetterstation aus ASA in Wei\u00df. Inclusive Schrauben f\u00fcr die TTGo Platine.<\/p>\n ","protected":false},"excerpt":{"rendered":"<p>Lora Wetterstations-Geh\u00e4use Wei\u00df<\/p>\n","protected":false},"featured_media":695,"comment_status":"open","ping_status":"closed","template":"","meta":[],"product_brand":[],"product_cat":[19],"product_tag":[],"class_list":{"0":"post-694","1":"product","2":"type-product","3":"status-publish","4":"has-post-thumbnail","6":"product_cat-gehaeuse-small","8":"first","9":"outofstock","10":"shipping-taxable","11":"purchasable","12":"product-type-simple"},"_links":{"self":[{"href":"https:\/\/radiosonde.online\/index.php?rest_route=\/wp\/v2\/product\/694","targetHints":{"allow":["GET"]}}],"collection":[{"href":"https:\/\/radiosonde.online\/index.php?rest_route=\/wp\/v2\/product"}],"about":[{"href":"https:\/\/radiosonde.online\/index.php?rest_route=\/wp\/v2\/types\/product"}],"replies":[{"embeddable":true,"href":"https:\/\/radiosonde.online\/index.php?rest_route=%2Fwp%2Fv2%2Fcomments&post=694"}],"wp:featuredmedia":[{"embeddable":true,"href":"https:\/\/radiosonde.online\/index.php?rest_route=\/wp\/v2\/media\/695"}],"wp:attachment":[{"href":"https:\/\/radiosonde.online\/index.php?rest_route=%2Fwp%2Fv2%2Fmedia&parent=694"}],"wp:term":[{"taxonomy":"product_brand","embeddable":true,"href":"https:\/\/radiosonde.online\/index.php?rest_route=%2Fwp%2Fv2%2Fproduct_brand&post=694"},{"taxonomy":"product_cat","embeddable":true,"href":"https:\/\/radiosonde.online\/index.php?rest_route=%2Fwp%2Fv2%2Fproduct_cat&post=694"},{"taxonomy":"product_tag","embeddable":true,"href":"https:\/\/radiosonde.online\/index.php?rest_route=%2Fwp%2Fv2%2Fproduct_tag&post=694"}],"curies":[{"name":"wp","href":"https:\/\/api.w.org\/{rel}","templated":true}]}}