{"id":446,"date":"2021-02-12T14:00:29","date_gmt":"2021-02-12T14:00:29","guid":{"rendered":"http:\/\/radiosonde.online\/?post_type=product&#038;p=446"},"modified":"2022-09-14T17:48:11","modified_gmt":"2022-09-14T17:48:11","slug":"lora-aprs-tracker-wx-gehaeuse","status":"publish","type":"product","link":"https:\/\/radiosonde.online\/?product=lora-aprs-tracker-wx-gehaeuse","title":{"rendered":"1x Gehause f\u00fcr zB. LORA APRS Tracker + WX"},"content":{"rendered":"<p>1x Geh\u00e4use f\u00fcr zB. TTGO TBeam V1.1 &amp; OLED 0.96&#8243; mit Platz f\u00fcr Sensor Board.\u00a0 Passende Schrauben f\u00fcr Deckel inklusive sowie auf Wunsch Rufzeichen mit maximal 6 Zeichen im Deckel. Video Anleitung &#8211;&gt; <a href=\"https:\/\/www.youtube.com\/watch?v=V7SkmSsD6Rs&amp;t=43s&amp;ab_channel=ManuelLausmann\">hier<\/a><\/p>\n ","protected":false},"excerpt":{"rendered":"<p>1x Geh\u00e4use f\u00fcr zB. TTGO TBeam V1.1 &amp; OLED 0.96&#8243; mit Platz f\u00fcr Sensor Board.\u00a0 Passende Schrauben f\u00fcr Deckel inklusive sowie auf Wunsch Rufzeichen mit maximal 6 Zeichen im Deckel. Video Anleitung &#8211;&gt; hier<\/p>\n","protected":false},"featured_media":255,"comment_status":"open","ping_status":"closed","template":"","meta":[],"product_brand":[],"product_cat":[19],"product_tag":[],"class_list":{"0":"post-446","1":"product","2":"type-product","3":"status-publish","4":"has-post-thumbnail","6":"product_cat-gehaeuse-small","7":"product_shipping_class-standard","9":"first","10":"outofstock","11":"shipping-taxable","12":"purchasable","13":"product-type-variable","14":"has-default-attributes"},"_links":{"self":[{"href":"https:\/\/radiosonde.online\/index.php?rest_route=\/wp\/v2\/product\/446","targetHints":{"allow":["GET"]}}],"collection":[{"href":"https:\/\/radiosonde.online\/index.php?rest_route=\/wp\/v2\/product"}],"about":[{"href":"https:\/\/radiosonde.online\/index.php?rest_route=\/wp\/v2\/types\/product"}],"replies":[{"embeddable":true,"href":"https:\/\/radiosonde.online\/index.php?rest_route=%2Fwp%2Fv2%2Fcomments&post=446"}],"wp:featuredmedia":[{"embeddable":true,"href":"https:\/\/radiosonde.online\/index.php?rest_route=\/wp\/v2\/media\/255"}],"wp:attachment":[{"href":"https:\/\/radiosonde.online\/index.php?rest_route=%2Fwp%2Fv2%2Fmedia&parent=446"}],"wp:term":[{"taxonomy":"product_brand","embeddable":true,"href":"https:\/\/radiosonde.online\/index.php?rest_route=%2Fwp%2Fv2%2Fproduct_brand&post=446"},{"taxonomy":"product_cat","embeddable":true,"href":"https:\/\/radiosonde.online\/index.php?rest_route=%2Fwp%2Fv2%2Fproduct_cat&post=446"},{"taxonomy":"product_tag","embeddable":true,"href":"https:\/\/radiosonde.online\/index.php?rest_route=%2Fwp%2Fv2%2Fproduct_tag&post=446"}],"curies":[{"name":"wp","href":"https:\/\/api.w.org\/{rel}","templated":true}]}}