{"id":440,"date":"2021-02-12T17:22:44","date_gmt":"2021-02-12T17:22:44","guid":{"rendered":"http:\/\/radiosonde.online\/?post_type=product&#038;p=440"},"modified":"2024-10-11T15:33:49","modified_gmt":"2024-10-11T15:33:49","slug":"sondeberry-v2-gehaeuse","status":"publish","type":"product","link":"https:\/\/radiosonde.online\/?product=sondeberry-v2-gehaeuse","title":{"rendered":"Sondeberry V2 Geh\u00e4use"},"content":{"rendered":"<p>Sondeberry V2.0 Geh\u00e4use aus wei\u00dfem ABS inklusive Druckknopf und Knopfkappe sowie passende Displayschrauben. Farbe des Knopfes variiert.<\/p>\n<p>Bitte beachten: Lieferzeit bis 2 Wochen.<\/p>\n<p>Ab sofort gibt es <a href=\"https:\/\/www.thingiverse.com\/thing:6785209\">hier die Druckdaten<\/a> f\u00fcr das Geh\u00e4use, wer dennoch eines gedruck haben m\u00f6chte mangels Drucker kann mich gerne Kontaktieren.<\/p>\n ","protected":false},"excerpt":{"rendered":"<p>Sondeberry V2.0 Geh\u00e4use aus wei\u00dfem ABS inklusive Druckknopf und Knopfkappe sowie passende Displayschrauben. Farbe des Knopfes variiert. Bitte beachten: Lieferzeit bis 2 Wochen. Ab sofort gibt es hier die Druckdaten f\u00fcr das Geh\u00e4use, wer dennoch eines gedruck haben m\u00f6chte mangels Drucker kann mich gerne Kontaktieren.<\/p>\n","protected":false},"featured_media":441,"comment_status":"open","ping_status":"closed","template":"","meta":[],"product_brand":[],"product_cat":[19],"product_tag":[],"class_list":{"0":"post-440","1":"product","2":"type-product","3":"status-publish","4":"has-post-thumbnail","6":"product_cat-gehaeuse-small","8":"first","9":"outofstock","10":"shipping-taxable","11":"purchasable","12":"product-type-simple"},"_links":{"self":[{"href":"https:\/\/radiosonde.online\/index.php?rest_route=\/wp\/v2\/product\/440","targetHints":{"allow":["GET"]}}],"collection":[{"href":"https:\/\/radiosonde.online\/index.php?rest_route=\/wp\/v2\/product"}],"about":[{"href":"https:\/\/radiosonde.online\/index.php?rest_route=\/wp\/v2\/types\/product"}],"replies":[{"embeddable":true,"href":"https:\/\/radiosonde.online\/index.php?rest_route=%2Fwp%2Fv2%2Fcomments&post=440"}],"wp:featuredmedia":[{"embeddable":true,"href":"https:\/\/radiosonde.online\/index.php?rest_route=\/wp\/v2\/media\/441"}],"wp:attachment":[{"href":"https:\/\/radiosonde.online\/index.php?rest_route=%2Fwp%2Fv2%2Fmedia&parent=440"}],"wp:term":[{"taxonomy":"product_brand","embeddable":true,"href":"https:\/\/radiosonde.online\/index.php?rest_route=%2Fwp%2Fv2%2Fproduct_brand&post=440"},{"taxonomy":"product_cat","embeddable":true,"href":"https:\/\/radiosonde.online\/index.php?rest_route=%2Fwp%2Fv2%2Fproduct_cat&post=440"},{"taxonomy":"product_tag","embeddable":true,"href":"https:\/\/radiosonde.online\/index.php?rest_route=%2Fwp%2Fv2%2Fproduct_tag&post=440"}],"curies":[{"name":"wp","href":"https:\/\/api.w.org\/{rel}","templated":true}]}}