{"id":1194,"date":"2022-12-11T19:07:25","date_gmt":"2022-12-11T19:07:25","guid":{"rendered":"https:\/\/radiosonde.online\/?post_type=product&#038;p=1194"},"modified":"2022-12-11T19:48:36","modified_gmt":"2022-12-11T19:48:36","slug":"1x-gehaeuse-fuer-zb-radiosonde-rx-ttgo-v1-1-2-display-kopie","status":"publish","type":"product","link":"https:\/\/radiosonde.online\/?product=1x-gehaeuse-fuer-zb-radiosonde-rx-ttgo-v1-1-2-display-kopie","title":{"rendered":"Geh\u00e4use f\u00fcr zB.Radiosonde RX  &#038; TTGO V1.1 &#038; OLED Display"},"content":{"rendered":"<h3>Geh\u00e4use zB. f\u00fcr Radiosonden-RX und OLED Adapter (RDZ) ohne Ladestation. Passende Schrauben f\u00fcr Deckel inklusive, sowie auf Wunsch Rufzeichen mit maximal 6 Zeichen im Deckel. Geh\u00e4use passend f\u00fcr <span class=\"product-title-text\" data-text=\"LILYGO\u00ae TTGO T-Beam v1.0 ESP32 LoRa 433\/868\/915Mhz WiFi GPS NEO-6M 18650 WiFi bluetooth Board Module\">LILYGO\u00ae TTGO T-Beam v1.0 ESP32 LoRa 433\/868\/915Mhz <\/span>&amp; Oled Display einzeln<\/h3>\n ","protected":false},"excerpt":{"rendered":"<p>1x Geh\u00e4use und 4 passende Schrauben &amp; Adapter f\u00fcr OLED 0.9&#8243;<\/p>\n<p>TTGo TBeam incl. Oled ist hier zu finden &#8211;&gt;<a href=\"https:\/\/amzn.to\/3AyFtuV\">https:\/\/amzn.to\/3AyFtuV<\/a><\/p>\n","protected":false},"featured_media":1203,"comment_status":"open","ping_status":"closed","template":"","meta":[],"product_brand":[],"product_cat":[19],"product_tag":[],"class_list":{"0":"post-1194","1":"product","2":"type-product","3":"status-publish","4":"has-post-thumbnail","6":"product_cat-gehaeuse-small","7":"product_shipping_class-standard","9":"first","10":"instock","11":"shipping-taxable","12":"purchasable","13":"product-type-variable","14":"has-default-attributes"},"_links":{"self":[{"href":"https:\/\/radiosonde.online\/index.php?rest_route=\/wp\/v2\/product\/1194","targetHints":{"allow":["GET"]}}],"collection":[{"href":"https:\/\/radiosonde.online\/index.php?rest_route=\/wp\/v2\/product"}],"about":[{"href":"https:\/\/radiosonde.online\/index.php?rest_route=\/wp\/v2\/types\/product"}],"replies":[{"embeddable":true,"href":"https:\/\/radiosonde.online\/index.php?rest_route=%2Fwp%2Fv2%2Fcomments&post=1194"}],"wp:featuredmedia":[{"embeddable":true,"href":"https:\/\/radiosonde.online\/index.php?rest_route=\/wp\/v2\/media\/1203"}],"wp:attachment":[{"href":"https:\/\/radiosonde.online\/index.php?rest_route=%2Fwp%2Fv2%2Fmedia&parent=1194"}],"wp:term":[{"taxonomy":"product_brand","embeddable":true,"href":"https:\/\/radiosonde.online\/index.php?rest_route=%2Fwp%2Fv2%2Fproduct_brand&post=1194"},{"taxonomy":"product_cat","embeddable":true,"href":"https:\/\/radiosonde.online\/index.php?rest_route=%2Fwp%2Fv2%2Fproduct_cat&post=1194"},{"taxonomy":"product_tag","embeddable":true,"href":"https:\/\/radiosonde.online\/index.php?rest_route=%2Fwp%2Fv2%2Fproduct_tag&post=1194"}],"curies":[{"name":"wp","href":"https:\/\/api.w.org\/{rel}","templated":true}]}}