{"id":1014,"date":"2021-10-11T15:42:52","date_gmt":"2021-10-11T15:42:52","guid":{"rendered":"https:\/\/radiosonde.online\/?post_type=product&#038;p=1014"},"modified":"2022-08-21T21:06:13","modified_gmt":"2022-08-21T21:06:13","slug":"gehaeuse-fuer-poe-board-von-oe5bpa","status":"publish","type":"product","link":"https:\/\/radiosonde.online\/?product=gehaeuse-fuer-poe-board-von-oe5bpa","title":{"rendered":"Geh\u00e4use f\u00fcr POE Board von OE5BPA"},"content":{"rendered":"<p>Geh\u00e4use f\u00fcr POE Board in Schwarz oder Grau.<\/p>\n<p>&nbsp;<\/p>\n<p>&nbsp;<\/p>\n ","protected":false},"excerpt":{"rendered":"<p>Geh\u00e4use in ASA Schwarz mit Pigtail zu SMA Anschluss\u00a0 und passenden Schrauben. Passende Platine und weitere Informationen zum Projekt siehe <a href=\"https:\/\/www.tindie.com\/stores\/lora-aprs\/?ref=offsite_badges&amp;utm_source=sellers_OE5BPA&amp;utm_medium=badges&amp;utm_campaign=badge_large\">Tindie.com OE5BPA<\/a><\/p>\n<p>Lieferumfang<\/p>\n<pre>1x\u00a0 Kunststoffgeh\u00e4use\u00a0 \r\n\r\n2x Schraube M2,5x6mm\u00a0 \r\n\r\n1x Pigtail zu SMA Adapter f\u00fcr Platinen Montage<\/pre>\n","protected":false},"featured_media":1016,"comment_status":"open","ping_status":"closed","template":"","meta":[],"product_brand":[],"product_cat":[19],"product_tag":[],"class_list":{"0":"post-1014","1":"product","2":"type-product","3":"status-publish","4":"has-post-thumbnail","6":"product_cat-gehaeuse-small","7":"product_shipping_class-standard","9":"first","10":"instock","11":"shipping-taxable","12":"purchasable","13":"product-type-simple"},"_links":{"self":[{"href":"https:\/\/radiosonde.online\/index.php?rest_route=\/wp\/v2\/product\/1014","targetHints":{"allow":["GET"]}}],"collection":[{"href":"https:\/\/radiosonde.online\/index.php?rest_route=\/wp\/v2\/product"}],"about":[{"href":"https:\/\/radiosonde.online\/index.php?rest_route=\/wp\/v2\/types\/product"}],"replies":[{"embeddable":true,"href":"https:\/\/radiosonde.online\/index.php?rest_route=%2Fwp%2Fv2%2Fcomments&post=1014"}],"wp:featuredmedia":[{"embeddable":true,"href":"https:\/\/radiosonde.online\/index.php?rest_route=\/wp\/v2\/media\/1016"}],"wp:attachment":[{"href":"https:\/\/radiosonde.online\/index.php?rest_route=%2Fwp%2Fv2%2Fmedia&parent=1014"}],"wp:term":[{"taxonomy":"product_brand","embeddable":true,"href":"https:\/\/radiosonde.online\/index.php?rest_route=%2Fwp%2Fv2%2Fproduct_brand&post=1014"},{"taxonomy":"product_cat","embeddable":true,"href":"https:\/\/radiosonde.online\/index.php?rest_route=%2Fwp%2Fv2%2Fproduct_cat&post=1014"},{"taxonomy":"product_tag","embeddable":true,"href":"https:\/\/radiosonde.online\/index.php?rest_route=%2Fwp%2Fv2%2Fproduct_tag&post=1014"}],"curies":[{"name":"wp","href":"https:\/\/api.w.org\/{rel}","templated":true}]}}