{"id":777,"date":"2021-03-25T23:28:53","date_gmt":"2021-03-25T23:28:53","guid":{"rendered":"https:\/\/radiosonde.online\/?page_id=777"},"modified":"2021-03-28T17:54:58","modified_gmt":"2021-03-28T17:54:58","slug":"raspsdr","status":"publish","type":"page","link":"https:\/\/radiosonde.online\/?page_id=777","title":{"rendered":"RaspSDR"},"content":{"rendered":"\n<p><strong>Installation Beagle_SDR_GPS auf Pi4<\/strong><\/p>\n\n\n\n<p>Software auf <a href=\"https:\/\/github.com\/RaspSDR\/Beagle_SDR_GPS\">Github<\/a>.<\/p>\n\n\n\n<p>Ich hatte mal ein paar Minuten und hab das ganze jetzt trocken installiert und als Image auf den Server geladen. <a href=\"https:\/\/my.hidrive.com\/lnk\/afCZr67J\">&#8222;Image Download&#8220; <\/a> Wer lust hat, kann das mal Versuchen und R\u00fcckmeldung geben unter Afu3d_Druck@yahoo.com<\/p>\n\n\n\n<figure class=\"wp-block-image size-large is-resized\"><img decoding=\"async\" src=\"https:\/\/radiosonde.online\/wp-content\/uploads\/2021\/03\/grafik-edited.png\" alt=\"\" class=\"wp-image-780\" width=\"389\" srcset=\"https:\/\/radiosonde.online\/wp-content\/uploads\/2021\/03\/grafik-edited.png 622w, https:\/\/radiosonde.online\/wp-content\/uploads\/2021\/03\/grafik-edited-225x300.png 225w, https:\/\/radiosonde.online\/wp-content\/uploads\/2021\/03\/grafik-edited-350x467.png 350w, https:\/\/radiosonde.online\/wp-content\/uploads\/2021\/03\/grafik-edited-45x60.png 45w, https:\/\/radiosonde.online\/wp-content\/uploads\/2021\/03\/grafik-edited-67x90.png 67w\" sizes=\"(max-width: 622px) 100vw, 622px\" \/><\/figure>\n\n\n\n<figure class=\"wp-block-table\"><table><tbody><tr><td class=\"has-text-align-center\" data-align=\"center\"><strong>1. Eine aktuelle lite Software f\u00fcr den Raspberry laden von der offiziellen Webseite.<\/strong><br><br>     Raspberry Pi OS Lite<br>     <a href=\"https:\/\/downloads.raspberrypi.org\/raspios_lite_armhf\/images\/raspios_lite_armhf-2021-01-12\/2021-01-11-raspios-buster-armhf-lite.zip\">https:\/\/www.raspberrypi.org\/downloads\/raspbian\/<\/a><br><br>2. SD Karte beschreiben aber noch nicht entfernen.<br><br>3. Nun nehmen wir ein File namens &#8222;ssh&#8220; ohne Dateiendung und legen es mit in die boot Partition, das kennt Ihr ja sicher alle.<br>Wer will kann auch gleich noch die WPA_supplicant.conf mit reinwerfen f\u00fcr Wlan.<\/td><\/tr><tr><\/tr><\/tbody><\/table><\/figure>\n\n\n\n<p class=\"has-text-align-center\">Nun stecken wir die Karte in den Raspberry verbinden ihn mit dem LAN\/Internet und stecken ihn an den Strom. Gl\u00fccklich und ohne Explosion, kehren wir an den Computer zur\u00fcck und \u00f6ffnen den Browser der Wahl um die IP-Adresse aus dem Router zu erfahren (RaspiSDR suchen). In meinem fall, ist das die FritzBox unter <a href=\"http:\/\/fritz.box\">Fritz.box<\/a>. Mit der Nummer (zB. 192.168.178.12) im Hinterkopf \u00f6ffnet man <a rel=\"noreferrer noopener\" href=\"https:\/\/www.chiark.greenend.org.uk\/~sgtatham\/putty\/latest.html\" target=\"_blank\">Putty<\/a> und gibt die IP-Nummer ein und klickt auf &#8222;Open&#8220;.<\/p>\n\n\n\n<figure class=\"wp-block-image size-large\"><img loading=\"lazy\" decoding=\"async\" width=\"445\" height=\"441\" src=\"https:\/\/radiosonde.online\/wp-content\/uploads\/2021\/03\/grafik-1.png\" alt=\"\" class=\"wp-image-781\" srcset=\"https:\/\/radiosonde.online\/wp-content\/uploads\/2021\/03\/grafik-1.png 445w, https:\/\/radiosonde.online\/wp-content\/uploads\/2021\/03\/grafik-1-300x297.png 300w, https:\/\/radiosonde.online\/wp-content\/uploads\/2021\/03\/grafik-1-150x150.png 150w, https:\/\/radiosonde.online\/wp-content\/uploads\/2021\/03\/grafik-1-100x100.png 100w, https:\/\/radiosonde.online\/wp-content\/uploads\/2021\/03\/grafik-1-350x347.png 350w, https:\/\/radiosonde.online\/wp-content\/uploads\/2021\/03\/grafik-1-61x60.png 61w, https:\/\/radiosonde.online\/wp-content\/uploads\/2021\/03\/grafik-1-91x90.png 91w\" sizes=\"auto, (max-width: 445px) 100vw, 445px\" \/><\/figure>\n\n\n\n<p class=\"has-text-align-center\">Im sich \u00f6ffnenden Fenster dann User &#8222;pi&#8220; und das Standardpasswort &#8222;raspberry&#8220; eingeben.<\/p>\n\n\n\n<figure class=\"wp-block-image size-large is-resized\"><img loading=\"lazy\" decoding=\"async\" src=\"https:\/\/radiosonde.online\/wp-content\/uploads\/2021\/03\/grafik-2.png\" alt=\"\" class=\"wp-image-783\" width=\"491\" height=\"315\" srcset=\"https:\/\/radiosonde.online\/wp-content\/uploads\/2021\/03\/grafik-2.png 659w, https:\/\/radiosonde.online\/wp-content\/uploads\/2021\/03\/grafik-2-300x193.png 300w, https:\/\/radiosonde.online\/wp-content\/uploads\/2021\/03\/grafik-2-350x225.png 350w, https:\/\/radiosonde.online\/wp-content\/uploads\/2021\/03\/grafik-2-93x60.png 93w, https:\/\/radiosonde.online\/wp-content\/uploads\/2021\/03\/grafik-2-140x90.png 140w\" sizes=\"auto, (max-width: 491px) 100vw, 491px\" \/><\/figure>\n\n\n\n<p class=\"has-text-align-center\">Als N\u00e4chstes gibt man <em><span class=\"has-inline-color has-vivid-cyan-blue-color\">sudo raspi-config<\/span><\/em> ein und schaltet unter<em> Interfacing Options<\/em> &#8222;SPI sowie &#8222;I2C&#8220; ein. Das Passwort kann man unter Punkt 1 im Hauptmen\u00fc gleich mit \u00e4ndern.<\/p>\n\n\n\n<p class=\"has-text-align-center\"><strong>Kommen wir zu den Abh\u00e4ngigkeiten die man ben\u00f6tigt.<\/strong><\/p>\n\n\n\n<p>Blaue Zeile in einem kopieren und einf\u00fcgen &#8212;&gt;Enter<\/p>\n\n\n\n<p class=\"has-text-align-left\"><em><span class=\"has-inline-color has-vivid-cyan-blue-color\">sudo apt update ; sudo apt-get install -y git libfftw3-single3 curl wget avahi-daemon avahi-utils libnss-mdns avahi-autoipd miniupnpc dnsutils pnmtopng ethtool sshpass psmisc jq zlib1g libsndfile1<\/span><\/em><\/p>\n\n\n\n<p class=\"has-text-align-center\"><strong>Anschlie\u00dfend geben wir noch nacheinander folgende befehle ein.<\/strong><\/p>\n\n\n\n<pre class=\"wp-block-code\"><code><span class=\"has-inline-color has-vivid-cyan-blue-color\"><em>&gt;sudo su\n    &gt;cd \/root\n    &gt;git clone https:\/\/github.com\/RaspSDR\/Beagle_SDR_GPS.git\n    &gt;cd Beagle_SDR_GPS\n    &gt;make\n    &gt;make install<\/em><\/span><\/code><\/pre>\n\n\n\n<p>Als Letztes starten wir den Boliden neu mit &#8222;<span class=\"has-inline-color has-vivid-cyan-blue-color\">sudo reboot<\/span>&#8220; und \u00f6ffnen an einem Computer im selben Netzwerk unseren Browser, nun kann man nach einer kurzen Zeit die Oberfl\u00e4che im Lokalen Netzwerk nutzen. Dem Standart Adresse und Port lautet <a rel=\"noreferrer noopener\" href=\"http:\/\/kiwisdr.local:8073\" target=\"_blank\">kiwisdr.local:8073<\/a> .<\/p>\n\n\n\n<p>Mit einem \/admin dahinter kann man denk ich Einstellungen vornehmen. <\/p>\n\n\n\n<p>Viel Spa\u00df<\/p>\n\n\n\n<p class=\"has-text-align-center\">Ich hoffe, nun wird es f\u00fcr den einen oder anderen leichter mit dem Einstieg. Wer das ganze selbst Online verf\u00fcgbar machen will, sollte die n\u00f6tige Vorsicht walten lassen, Lokal besteht erst einmal keine Gefahr. Wenn mein RaspSDR dann mal ankommt, kann ich ja noch etwas dazu schreiben. Weiterf\u00fchrend gibts auch f\u00fcr <a href=\"http:\/\/kiwisdr.com\/quickstart\/\" target=\"_blank\" rel=\"noreferrer noopener\">KIWISDR noch die Anleitung<\/a>. Viel Vergn\u00fcgen mit dem Empfang! <\/p>\n\n\n\n<p class=\"has-text-align-center\">Ach ja die Software aktualisiert sich selbstst\u00e4ndig, wenn eine neuere Version vorhanden ist. \ud83d\ude42<\/p>\n\n\n\n<p><\/p>\n ","protected":false},"excerpt":{"rendered":"<p>Installation Beagle_SDR_GPS auf Pi4 Software auf Github. Ich hatte mal ein paar Minuten und hab das ganze jetzt trocken installiert und als Image auf den Server geladen. &#8222;Image Download&#8220; Wer lust hat, kann das mal Versuchen und R\u00fcckmeldung geben unter Afu3d_Druck@yahoo.com 1. Eine aktuelle lite Software f\u00fcr den Raspberry laden von der offiziellen Webseite. Raspberry &hellip; <\/p>\n<p class=\"link-more\"><a href=\"https:\/\/radiosonde.online\/?page_id=777\" class=\"more-link\"><span class=\"screen-reader-text\">\u201eRaspSDR\u201c<\/span> weiterlesen<\/a><\/p>\n","protected":false},"author":1,"featured_media":788,"parent":0,"menu_order":0,"comment_status":"closed","ping_status":"closed","template":"","meta":{"footnotes":""},"class_list":["post-777","page","type-page","status-publish","has-post-thumbnail","hentry"],"_links":{"self":[{"href":"https:\/\/radiosonde.online\/index.php?rest_route=\/wp\/v2\/pages\/777","targetHints":{"allow":["GET"]}}],"collection":[{"href":"https:\/\/radiosonde.online\/index.php?rest_route=\/wp\/v2\/pages"}],"about":[{"href":"https:\/\/radiosonde.online\/index.php?rest_route=\/wp\/v2\/types\/page"}],"author":[{"embeddable":true,"href":"https:\/\/radiosonde.online\/index.php?rest_route=\/wp\/v2\/users\/1"}],"replies":[{"embeddable":true,"href":"https:\/\/radiosonde.online\/index.php?rest_route=%2Fwp%2Fv2%2Fcomments&post=777"}],"version-history":[{"count":8,"href":"https:\/\/radiosonde.online\/index.php?rest_route=\/wp\/v2\/pages\/777\/revisions"}],"predecessor-version":[{"id":800,"href":"https:\/\/radiosonde.online\/index.php?rest_route=\/wp\/v2\/pages\/777\/revisions\/800"}],"wp:featuredmedia":[{"embeddable":true,"href":"https:\/\/radiosonde.online\/index.php?rest_route=\/wp\/v2\/media\/788"}],"wp:attachment":[{"href":"https:\/\/radiosonde.online\/index.php?rest_route=%2Fwp%2Fv2%2Fmedia&parent=777"}],"curies":[{"name":"wp","href":"https:\/\/api.w.org\/{rel}","templated":true}]}}