{"id":489,"date":"2021-02-18T18:11:34","date_gmt":"2021-02-18T18:11:34","guid":{"rendered":"http:\/\/radiosonde.online\/?page_id=489"},"modified":"2021-02-19T11:36:21","modified_gmt":"2021-02-19T11:36:21","slug":"sondberry-v2-0-image","status":"publish","type":"page","link":"https:\/\/radiosonde.online\/?page_id=489","title":{"rendered":"Sondeberry V2.0 Image"},"content":{"rendered":"\n<p>Nun k\u00f6nnt Ihr auch das Image zum Sondeberry V2.0 herunterladen, Image Gr\u00f6\u00dfe gepackt ca. 1.6\u00a0GB, entpackt mit 7ZIP ca. 7\u00a0GB. Ich hoffe das der Server das schafft sollten Probleme beim Download auftreten kann in der Telegram Gruppe ja eine Meldung gemacht werden. Beim Erststart des Images bitte Geduld, das System startet einmal neu, nachdem die Partition erweitert wurde, das kann ein paar Sekunden dauern. <\/p>\n\n\n\n<p><a href=\"https:\/\/t.me\/joinchat\/LI_CaBp8xAwe_bJIQwEvcg\">Hier gehts zur Telegram Gruppe<\/a><\/p>\n\n\n\n<p><a href=\"https:\/\/my.hidrive.com\/share\/ftsaihpjkn\" target=\"_blank\" rel=\"noreferrer noopener\">HIER gehts zum Image Download<\/a><\/p>\n\n\n\n<figure class=\"wp-block-image size-large\"><img loading=\"lazy\" decoding=\"async\" width=\"616\" height=\"405\" src=\"https:\/\/radiosonde.online\/wp-content\/uploads\/2021\/02\/photo_2021-02-12_19-52-35-1.jpg\" alt=\"\" class=\"wp-image-490\" srcset=\"https:\/\/radiosonde.online\/wp-content\/uploads\/2021\/02\/photo_2021-02-12_19-52-35-1.jpg 616w, https:\/\/radiosonde.online\/wp-content\/uploads\/2021\/02\/photo_2021-02-12_19-52-35-1-300x197.jpg 300w, https:\/\/radiosonde.online\/wp-content\/uploads\/2021\/02\/photo_2021-02-12_19-52-35-1-350x230.jpg 350w\" sizes=\"auto, (max-width: 616px) 100vw, 616px\" \/><\/figure>\n\n\n\n<figure class=\"wp-block-embed is-type-video is-provider-youtube wp-block-embed-youtube wp-embed-aspect-16-9 wp-has-aspect-ratio\"><div class=\"wp-block-embed__wrapper\">\n<iframe loading=\"lazy\" title=\"Wettersonden aufsp\u00fcren Teil 9 - SONDEBERRY V2 - Die Software\" width=\"525\" height=\"295\" src=\"https:\/\/www.youtube.com\/embed\/PHBEgrjbSFY?feature=oembed\" frameborder=\"0\" allow=\"accelerometer; autoplay; clipboard-write; encrypted-media; gyroscope; picture-in-picture; web-share\" referrerpolicy=\"strict-origin-when-cross-origin\" allowfullscreen><\/iframe>\n<\/div><\/figure>\n ","protected":false},"excerpt":{"rendered":"<p>Nun k\u00f6nnt Ihr auch das Image zum Sondeberry V2.0 herunterladen, Image Gr\u00f6\u00dfe gepackt ca. 1.6\u00a0GB, entpackt mit 7ZIP ca. 7\u00a0GB. Ich hoffe das der Server das schafft sollten Probleme beim Download auftreten kann in der Telegram Gruppe ja eine Meldung gemacht werden. Beim Erststart des Images bitte Geduld, das System startet einmal neu, nachdem die &hellip; <\/p>\n<p class=\"link-more\"><a href=\"https:\/\/radiosonde.online\/?page_id=489\" class=\"more-link\"><span class=\"screen-reader-text\">\u201eSondeberry V2.0 Image\u201c<\/span> weiterlesen<\/a><\/p>\n","protected":false},"author":1,"featured_media":0,"parent":0,"menu_order":0,"comment_status":"closed","ping_status":"closed","template":"","meta":{"footnotes":""},"class_list":["post-489","page","type-page","status-publish","hentry"],"_links":{"self":[{"href":"https:\/\/radiosonde.online\/index.php?rest_route=\/wp\/v2\/pages\/489","targetHints":{"allow":["GET"]}}],"collection":[{"href":"https:\/\/radiosonde.online\/index.php?rest_route=\/wp\/v2\/pages"}],"about":[{"href":"https:\/\/radiosonde.online\/index.php?rest_route=\/wp\/v2\/types\/page"}],"author":[{"embeddable":true,"href":"https:\/\/radiosonde.online\/index.php?rest_route=\/wp\/v2\/users\/1"}],"replies":[{"embeddable":true,"href":"https:\/\/radiosonde.online\/index.php?rest_route=%2Fwp%2Fv2%2Fcomments&post=489"}],"version-history":[{"count":14,"href":"https:\/\/radiosonde.online\/index.php?rest_route=\/wp\/v2\/pages\/489\/revisions"}],"predecessor-version":[{"id":507,"href":"https:\/\/radiosonde.online\/index.php?rest_route=\/wp\/v2\/pages\/489\/revisions\/507"}],"wp:attachment":[{"href":"https:\/\/radiosonde.online\/index.php?rest_route=%2Fwp%2Fv2%2Fmedia&parent=489"}],"curies":[{"name":"wp","href":"https:\/\/api.w.org\/{rel}","templated":true}]}}