{"id":454,"date":"2021-02-12T17:39:01","date_gmt":"2021-02-12T17:39:01","guid":{"rendered":"http:\/\/radiosonde.online\/?page_id=454"},"modified":"2021-06-06T22:21:28","modified_gmt":"2021-06-06T22:21:28","slug":"versandarten","status":"publish","type":"page","link":"https:\/\/radiosonde.online\/?page_id=454","title":{"rendered":"Versandarten"},"content":{"rendered":"\n<h3 class=\"wp-block-heading\">Allgemeine Versandinformationen<\/h3>\n\n\n\n<p>In der folgenden Tabelle findest du Versandoptionen, Versandkosten und Lieferzeiten.<\/p>\n\n\n\n<h3 class=\"wp-block-heading\">Wichtige Informationen zum Versand in andere L\u00e4nder<\/h3>\n\n\n\n<p>Internationale Sendungen k\u00f6nnen Z\u00f6lle, Steuern und anderen Geb\u00fchren unterliegen, die nicht im Gesamtpreis enthalten sind.<\/p>\n\n\n\n<h2 class=\"wp-block-heading\">Versandoptionen<\/h2>\n\n\n\n<figure class=\"wp-block-table\"><table><thead><tr><th>Option<\/th><th>Kosten<\/th><th>Lieferzeiten<\/th><\/tr><\/thead><tbody><tr><td>Abholung (von unserer Adresse)<\/td><td>0,00 \u20ac<\/td><td>nach Absprache<\/td><\/tr><tr><td>Deutschland bis 2kg<\/td><td>5,90 \u20ac<\/td><td>3 &#8211; 14 Werktage<\/td><\/tr><tr><td>EU-L\u00e4nder bis 2kg<\/td><td>14,90 \u20ac<\/td><td>3 &#8211; 25 Werktage<\/td><\/tr><\/tbody><\/table><figcaption>Andere Versanddienstleistungen auf Anfrage.<\/figcaption><\/figure>\n\n\n\n<figure class=\"wp-block-table\"><table><thead><tr><th>Option Sperrgut <\/th><th>Kosten<\/th><th>Lieferzeiten<\/th><\/tr><\/thead><tbody><tr><td>Abholung (von unserer Adresse)<\/td><td>0,00 \u20ac<\/td><td>nach Absprache<\/td><\/tr><tr><td>Deutschland bis 2kg +Sperrgut<\/td><td>44,90 \u20ac<\/td><td>3 &#8211; 14 Werktage<\/td><\/tr><tr><td>EU-L\u00e4nder bis 5kg + Sperrgut<\/td><td>54,90 \u20ac<\/td><td>14 &#8211; 25 Werktage<\/td><\/tr><\/tbody><\/table><figcaption>Andere Versanddienstleistungen auf Anfrage.<\/figcaption><\/figure>\n\n\n\n<h2 class=\"wp-block-heading\">L\u00e4nder, in die wir versenden<\/h2>\n\n\n\n<p>Belgien, Bulgarien, Czechia, Deutschland, D\u00e4nemark, Estland, Finnland, Frankreich, Griechenland, Irland, Italien, Kroatien, Lettland, Litauen, Luxemburg, Malta, Niederlande, Polen, Portugal, Rum\u00e4nien, Schweden, Slowakei, Slowenien, Spanien, Ungarn, Zypern, \u00d6sterreich.<\/p>\n\n\n\n<h2 class=\"wp-block-heading\">Abholadresse und -anleitung<\/h2>\n\n\n\n<h3 class=\"wp-block-heading\">Abholadresse<\/h3>\n\n\n\n<p>Hohenbogenstra\u00dfe 15<\/p>\n\n\n\n<p>Neukirchen beim Hl. Blut 93453<\/p>\n\n\n\n<p>Bayern<\/p>\n\n\n\n<p>DE<\/p>\n\n\n\n<h3 class=\"wp-block-heading\">Abholanleitung<\/h3>\n\n\n\n<p>Bei Abholung bitte vorher telefonisch Termin vereinbaren unter 09947\/307588<\/p>\n ","protected":false},"excerpt":{"rendered":"<p>Allgemeine Versandinformationen In der folgenden Tabelle findest du Versandoptionen, Versandkosten und Lieferzeiten. Wichtige Informationen zum Versand in andere L\u00e4nder Internationale Sendungen k\u00f6nnen Z\u00f6lle, Steuern und anderen Geb\u00fchren unterliegen, die nicht im Gesamtpreis enthalten sind. Versandoptionen Option Kosten Lieferzeiten Abholung (von unserer Adresse) 0,00 \u20ac nach Absprache Deutschland bis 2kg 5,90 \u20ac 3 &#8211; 14 Werktage &hellip; <\/p>\n<p class=\"link-more\"><a href=\"https:\/\/radiosonde.online\/?page_id=454\" class=\"more-link\"><span class=\"screen-reader-text\">\u201eVersandarten\u201c<\/span> weiterlesen<\/a><\/p>\n","protected":false},"author":1,"featured_media":0,"parent":0,"menu_order":0,"comment_status":"closed","ping_status":"closed","template":"","meta":{"footnotes":""},"class_list":["post-454","page","type-page","status-publish","hentry"],"_links":{"self":[{"href":"https:\/\/radiosonde.online\/index.php?rest_route=\/wp\/v2\/pages\/454","targetHints":{"allow":["GET"]}}],"collection":[{"href":"https:\/\/radiosonde.online\/index.php?rest_route=\/wp\/v2\/pages"}],"about":[{"href":"https:\/\/radiosonde.online\/index.php?rest_route=\/wp\/v2\/types\/page"}],"author":[{"embeddable":true,"href":"https:\/\/radiosonde.online\/index.php?rest_route=\/wp\/v2\/users\/1"}],"replies":[{"embeddable":true,"href":"https:\/\/radiosonde.online\/index.php?rest_route=%2Fwp%2Fv2%2Fcomments&post=454"}],"version-history":[{"count":6,"href":"https:\/\/radiosonde.online\/index.php?rest_route=\/wp\/v2\/pages\/454\/revisions"}],"predecessor-version":[{"id":964,"href":"https:\/\/radiosonde.online\/index.php?rest_route=\/wp\/v2\/pages\/454\/revisions\/964"}],"wp:attachment":[{"href":"https:\/\/radiosonde.online\/index.php?rest_route=%2Fwp%2Fv2%2Fmedia&parent=454"}],"curies":[{"name":"wp","href":"https:\/\/api.w.org\/{rel}","templated":true}]}}