{"id":452,"date":"2021-02-12T17:39:01","date_gmt":"2021-02-12T17:39:01","guid":{"rendered":"http:\/\/radiosonde.online\/?page_id=452"},"modified":"2021-03-01T21:21:55","modified_gmt":"2021-03-01T21:21:55","slug":"agb","status":"publish","type":"page","link":"https:\/\/radiosonde.online\/?page_id=452","title":{"rendered":"AGB"},"content":{"rendered":"\n<h2 class=\"wp-block-heading\"><strong>Allgemeine Gesch\u00e4ftsbedingungen f\u00fcr K\u00e4ufe im Onlineshop unter <em>Radiosonde.online<\/em><\/strong><\/h2>\n\n\n\n<h2 class=\"wp-block-heading\">\u00a7 1 Allgemeines, Geltungsbereich der AGB<\/h2>\n\n\n\n<p>1.1 Alle Lieferungen und Leistungen erfolgen ausschlie\u00dflich auf der Grundlage der nachfolgenden Allgemeinen Gesch\u00e4ftsbedingungen (nachfolgend \u201eAGB\u201c) in ihrer zum Zeitpunkt der Bestellung g\u00fcltigen Fassung.<\/p>\n\n\n\n<p>1.2 Vertragspartner ist <em>Gra\u00dfl Markus, Hohenbogenstra\u00dfe 15 93453 Neukirchen<\/em>.<\/p>\n\n\n\n<p>1.3 Kunde im Sinne dieser Gesch\u00e4ftsbedingungen k\u00f6nnen Verbraucher sein (nachfolgend \u201eKunde\u201c). Verbraucher im Sinne der Gesch\u00e4ftsbedingungen sind nat\u00fcrliche Personen, die Vertr\u00e4ge zu einem Zweck abschlie\u00dfen, der \u00fcberwiegend weder ihrer gewerblichen noch ihrer beruflichen T\u00e4tigkeit zugerechnet werden k\u00f6nnen.<\/p>\n\n\n\n<h2 class=\"wp-block-heading\">\u00a7 2 Vertragsschluss, Zustandekommen des Vertrags<\/h2>\n\n\n\n<p>2.1 Die Angebote und Artikelpr\u00e4sentationen stellen kein bindendes Angebot dar. Erst Ihre Bestellung ist ein bindendes Angebot nach <a href=\"https:\/\/dejure.org\/gesetze\/BGB\/145.html\">\u00a7 145<\/a> B\u00fcrgerliches Gesetzbuch (BGB), welches wir annehmen k\u00f6nnen. Nach Versendung der Bestellung \u00fcbermitteln wir Ihnen zun\u00e4chst eine Bestell-Eingangsbest\u00e4tigung per E-Mail. Bei Annahme Ihrer Bestellung durch uns erhalten Sie innerhalb von 3 Werktagen nach Eingang Ihrer Bestellung eine Auftragsbest\u00e4tigung per E-Mail, mit der der Vertrag zustande kommt.<\/p>\n\n\n\n<p>2.2 Wenn Sie das gew\u00fcnschte Produkt gefunden haben, k\u00f6nnen Sie dieses unverbindlich durch Anklicken des Produktnamens oder des Produktbildes genauer ansehen. Durch Anklicken des Buttons <em>[In den Warenkorb]<\/em> k\u00f6nnen sie den Artikel in den Warenkorb legen. Den Inhalt des Warenkorbs k\u00f6nnen Sie jederzeit durch Anklicken des Buttons [Warenkorb] unverbindlich ansehen. Die Produkte k\u00f6nnen Sie durch Anklicken der Grafiken <em>[\u00c4ndern]<\/em> und <em>[L\u00f6schen]<\/em> wieder aus dem Warenkorb entfernen oder \u00e4ndern. Wenn Sie die Produkte im Warenkorb kaufen wollen, klicken Sie in der Seite \u201eWarenkorb\u201c auf den Button <em>[Zur Kasse]<\/em>.<\/p>\n\n\n\n<p>Im Verlauf des weiteren Bestellvorgangs richten Sie bei Ihrem erstmaligen Einkauf ein Kundenkonto bei uns ein und w\u00e4hlen die Versand- sowie die Zahlungsart. Im letzten Schritt erhalten Sie unter \u201eBestellinformation\u201c nochmals eine \u00dcbersicht \u00fcber Ihre Bestelldaten und k\u00f6nnen alle Angaben nochmals \u00fcberpr\u00fcfen und unter <em>[korrigieren]<\/em> l\u00f6schen oder \u00e4ndern. Eingabefehler k\u00f6nnen Sie auch dadurch berichtigen, dass Sie im Browser r\u00fcckw\u00e4rts navigieren oder den Bestellvorgang abbrechen und von vorn beginnen. Um den Einkauf abzuschlie\u00dfen, m\u00fcssen Sie unsere Allgemeinen Gesch\u00e4ftsbedingungen akzeptieren und auf den Button <em>[Kaufen]<\/em> dr\u00fccken. Damit versenden Sie die Bestellung an uns.<\/p>\n\n\n\n<h2 class=\"wp-block-heading\">\u00a7 3 Speicherung des Vertragstextes<\/h2>\n\n\n\n<p>Wir speichern Ihre Bestellung, die eingegebenen Bestelldaten sowie den gesamten Vertragstext. <em>Wir senden Ihnen per E-Mail eine Bestell-Eingangsbest\u00e4tigung und anschlie\u00dfend eine Auftragsbest\u00e4tigung<\/em> <em>zu.<\/em><\/p>\n\n\n\n<h2 class=\"wp-block-heading\">\u00a7 4 Widerrufsrecht f\u00fcr Verbraucher<\/h2>\n\n\n\n<p>Das folgende Widerrufsrecht besteht nur f\u00fcr Verbraucher im Fernabsatz:<\/p>\n\n\n\n<p><strong>1. Widerrufsbelehrung<\/strong><\/p>\n\n\n\n<p>Widerrufsrecht<\/p>\n\n\n\n<p>Sie haben das Recht, binnen vierzehn Tagen ohne Angabe von Gr\u00fcnden diesen Vertrag zu widerrufen.<\/p>\n\n\n\n<p>Die Widerrufsfrist betr\u00e4gt vierzehn Tage ab dem Tag, an dem Sie oder ein von Ihnen benannter Dritter, der nicht der Bef\u00f6rderer ist, die Waren in Besitz genommen haben bzw. hat.<\/p>\n\n\n\n<p>Um Ihr Widerrufsrecht auszu\u00fcben, m\u00fcssen Sie uns <em>(Gra\u00dfl Markus, Hohenbogenstra\u00dfe 15 93453 Neukirchen Tel.: 09947307588, E-Mail.: Grassl.markus@yahoo.de)<\/em> mittels einer eindeutigen Erkl\u00e4rung (z. B. ein mit der Post versandter Brief oder E-Mail) \u00fcber Ihren Entschluss, diesen Vertrag zu widerrufen, informieren. Sie k\u00f6nnen daf\u00fcr das beigef\u00fcgte Muster-Widerrufsformular verwenden, das jedoch nicht vorgeschrieben ist.<\/p>\n\n\n\n<p>Zur Wahrung der Widerrufsfrist reicht es aus, dass Sie die Mitteilung \u00fcber die Aus\u00fcbung des Widerrufsrechts vor Ablauf der Widerrufsfrist absenden.<\/p>\n\n\n\n<p>Folgen des Widerrufs<\/p>\n\n\n\n<p>Wenn Sie diesen Vertrag widerrufen, haben wir Ihnen alle Zahlungen, die wir von Ihnen erhalten haben, einschlie\u00dflich der Lieferkosten (mit Ausnahme der zus\u00e4tzlichen Kosten, die sich daraus ergeben, dass Sie eine andere Art der Lieferung als die von uns angebotene, g\u00fcnstigste Standardlieferung gew\u00e4hlt haben), unverz\u00fcglich und sp\u00e4testens binnen vierzehn Tagen ab dem Tag zur\u00fcckzuzahlen, an dem die Mitteilung \u00fcber Ihren Widerruf dieses Vertrags bei uns eingegangen ist. F\u00fcr diese R\u00fcckzahlung verwenden wir dasselbe Zahlungsmittel, das Sie bei der urspr\u00fcnglichen Transaktion eingesetzt haben, es sei denn, mit Ihnen wurde ausdr\u00fccklich etwas anderes vereinbart; in keinem Fall werden Ihnen wegen dieser R\u00fcckzahlung Entgelte berechnet. Wir k\u00f6nnen die R\u00fcckzahlung verweigern, bis wir die Waren wieder zur\u00fcckerhalten haben oder bis Sie den Nachweis erbracht haben, dass Sie die Waren zur\u00fcckgesandt haben, je nachdem, welches der fr\u00fchere Zeitpunkt ist.<\/p>\n\n\n\n<p>Sie haben die Waren unverz\u00fcglich und in jedem Fall sp\u00e4testens binnen vierzehn Tagen ab dem Tag, an dem Sie uns \u00fcber den Widerruf dieses Vertrags unterrichten, an uns zur\u00fcckzusenden oder zu \u00fcbergeben. Die Frist ist gewahrt, wenn Sie die Waren vor Ablauf der Frist von vierzehn Tagen absenden. Sie tragen die unmittelbaren Kosten der R\u00fccksendung der Waren.<\/p>\n\n\n\n<p>Sie m\u00fcssen f\u00fcr einen etwaigen Wertverlust der Waren nur aufkommen, wenn dieser Wertverlust auf einen zur Pr\u00fcfung der Beschaffenheit, Eigenschaften und Funktionsweise der Waren nicht notwendigen Umgang mit ihnen zur\u00fcckzuf\u00fchren ist.<\/p>\n\n\n\n<p><strong><em>2. Ausschluss des Widerrufsrechts<\/em><\/strong><\/p>\n\n\n\n<p><em>Das Widerrufsrecht besteht nicht bei folgenden Vertr\u00e4gen:<\/em><\/p>\n\n\n\n<ul class=\"wp-block-list\"><li><em>Vertr\u00e4ge zur Lieferung von Waren, die nicht vorgefertigt sind und f\u00fcr deren Herstellung eine individuelle Auswahl oder Bestimmung durch den Verbraucher ma\u00dfgeblich ist oder die eindeutig auf die pers\u00f6nlichen Bed\u00fcrfnisse des Verbrauchers zugeschnitten sind,<\/em><\/li><li><em>Vertr\u00e4ge zur Lieferung von Waren, die schnell verderben k\u00f6nnen oder deren Verfallsdatum schnell \u00fcberschritten w\u00fcrde,<\/em><\/li><li><em>Vertr\u00e4ge zur Lieferung versiegelter Waren, die aus Gr\u00fcnden des Gesundheitsschutzes oder der Hygiene nicht zur R\u00fcckgabe geeignet sind, wenn ihre Versiegelung nach der Lieferung entfernt wurde,<\/em><\/li><li><em>Vertr\u00e4ge zur Lieferung von Waren, wenn diese nach der Lieferung auf Grund ihrer Beschaffenheit untrennbar mit anderen G\u00fctern vermischt wurden,<\/em><\/li><li><em>Vertr\u00e4ge zur Lieferung von Ton- oder Videoaufnahmen oder Computersoftware in einer versiegelten Packung, wenn die Versiegelung nach der Lieferung entfernt wurde,<\/em><\/li><li><em>Vertr\u00e4ge zur Lieferung von Zeitungen, Zeitschriften oder Illustrierten mit Ausnahme von Abonnement-Vertr\u00e4gen,<\/em><\/li><li><em>Vertr\u00e4ge zur Erbringung von Dienstleistungen in den Bereichen Beherbergung zu anderen Zwecken als zu Wohnzwecken, Bef\u00f6rderung von Waren, Kraftfahrzeugvermietung, Lieferung von Speisen und Getr\u00e4nken sowie zur Erbringung weiterer Dienstleistungen im Zusammenhang mit Freizeitbet\u00e4tigungen, wenn der Vertrag f\u00fcr die Erbringung einen spezifischen Termin oder Zeitraum vorsieht.<\/em><\/li><\/ul>\n\n\n\n<h2 class=\"wp-block-heading\">\u00a7 5 Muster-Widerrufsformular<\/h2>\n\n\n\n<p>(Wenn Sie den Vertrag widerrufen wollen, dann f\u00fcllen Sie bitte dieses Formular aus und senden Sie es zur\u00fcck.)<\/p>\n\n\n\n<p>An:<br>Gra\u00dfl Markus<br>Hohenbogenstra\u00dfe 15<br>93453 Neukirchen<br>Grassl.markus@yahoo.de<\/p>\n\n\n\n<p>Hiermit widerrufe(n) ich\/wir (*) den von mir\/uns (*) abgeschlossenen Vertrag \u00fcber den Kauf<\/p>\n\n\n\n<p>der folgenden Waren (*)\/die Erbringung der folgenden Dienstleistung (*)<\/p>\n\n\n\n<p>Bestellt am (*)\/erhalten am (*)<\/p>\n\n\n\n<p>Name des\/der Verbraucher(s)<\/p>\n\n\n\n<p>Anschrift des\/der Verbraucher(s)<\/p>\n\n\n\n<p>Unterschrift des\/der Verbraucher(s) (nur bei Mitteilung auf Papier)<\/p>\n\n\n\n<p>Datum<\/p>\n\n\n\n<p>(*) Unzutreffendes streichen.<\/p>\n\n\n\n<h2 class=\"wp-block-heading\">\u00a7 6 Preise und Versandkosten<\/h2>\n\n\n\n<p>Alle Preise gelten inklusive der gesetzlichen Mehrwertsteuer zuz\u00fcglich Versandkosten. Wir liefern mit <em>DHL<\/em> oder einem anderen Anbieter unserer Wahl.<\/p>\n\n\n\n<h2 class=\"wp-block-heading\">\u00a7 7 Lieferbedingungen<\/h2>\n\n\n\n<p>7.1 Wir liefern ausschlie\u00dflich innerhalb Europas.<\/p>\n\n\n\n<p>7.2 Die Ware wird, sofern nicht beim Angebot anders angegeben, innerhalb von 14 Werktagen nach Deutschland geliefert. (Ausland abweichend bis 25 Tage)<\/p>\n\n\n\n<h2 class=\"wp-block-heading\">\u00a7 8 Zahlungsbedingungen<\/h2>\n\n\n\n<p>8.1 Die Zahlung erfolgt per <em>Vorkasse durch Paypal.<\/em><\/p>\n\n\n\n<p>Wir behalten uns vor, einzelne Zahlungsarten auszuschlie\u00dfen.<\/p>\n\n\n\n<p>8.2 Wir behalten uns das Eigentum an der Kaufsache bis zur vollst\u00e4ndigen Zahlung des Rechnungsbetrags vor.<\/p>\n\n\n\n<p>8.3 Der Kaufpreis ist mit Eintritt des Zahlungsverzugs w\u00e4hrend des Verzuges in H\u00f6he von 5%-Punkte \u00fcber dem Basiszinssatz zu verzinsen.<\/p>\n\n\n\n<h2 class=\"wp-block-heading\">\u00a7 9 Gew\u00e4hrleistung<\/h2>\n\n\n\n<p>Wenn Sie Verbraucher sind, erfolgt die Gew\u00e4hrleistung nach den gesetzlichen Bestimmungen.<\/p>\n\n\n\n<h2 class=\"wp-block-heading\">\u00a7 10 Haftung<\/h2>\n\n\n\n<p>Wir haften unbeschr\u00e4nkt f\u00fcr Vorsatz und grobe Fahrl\u00e4ssigkeit und nach den Vorgaben des Produkthaftungsgesetzes. Bei leichter Fahrl\u00e4ssigkeit haften wir aus Verletzungen des Lebens, des K\u00f6rpers und der Gesundheit von Personen.<\/p>\n\n\n\n<p>In anderen F\u00e4llen haften wir f\u00fcr leichte Fahrl\u00e4ssigkeit nur bei der Verletzung vertragswesentlicher Pflichten. Vertragswesentliche Pflichten sind solche deren Erf\u00fcllung die ordnungsgem\u00e4\u00dfe Durchf\u00fchrung des Vertrags erst erm\u00f6glicht und auf deren Einhaltung der Vertragspartner vertraut. Die Haftung bei Verletzung einer solchen vertragswesentlichen Pflicht ist auf den vertragstypischen Schaden begrenzt, mit dessen Entstehen wir bei Vertragsabschluss auf Grund der zu diesem Zeitpunkt bekannten Umst\u00e4nde rechnen mussten. Diese Haftungsbeschr\u00e4nkung gilt auch zugunsten von unseren Erf\u00fcllungsgehilfen.<\/p>\n\n\n\n<h2 class=\"wp-block-heading\">\u00a7 11 Kundenservice<\/h2>\n\n\n\n<p>Bei Fragen, Beschwerden oder Reklamationen nehmen Sie bitte Kontakt zu uns auf. Sie erreichen uns Montag \u2013 Freitag zwischen <em>15:00<\/em> Uhr und 18:00 Uhr unter der Telefonnummer 09947307588 oder per E-Mail an Afu3d_druck@yahoo.com.<\/p>\n\n\n\n<h2 class=\"wp-block-heading\">\u00a7 12 Sonstiges<\/h2>\n\n\n\n<p>12.1 Die Vertragssprache ist Deutsch.<\/p>\n\n\n\n<p>12.2 Die Europ\u00e4ischen Kommission stellt eine Plattform zur Online-Streitbeilegung (OS) bereit. Diese ist \u00fcber die folgende Internetadresse erreichbar: <a href=\"https:\/\/ec.europa.eu\/consumers\/odr\/\">https:\/\/ec.europa.eu\/consumers\/odr\/<\/a>. <em>Wir sind nicht bereit oder verpflichtet an einem Streitbeilegungsverfahren der Verbraucherschlichtungsstellen teilzunehmen.<\/em><\/p>\n\n\n\n<p>12.3 Sind eine oder mehrere Regelungen dieser AGB unwirksam, so bleibt der Vertrag im \u00dcbrigen wirksam. Soweit die Bestimmungen unwirksam sind, richtet sich der Inhalt des Vertrages nach den gesetzlichen Vorschriften.<\/p>\n\n\n\n<p><\/p>\n ","protected":false},"excerpt":{"rendered":"<p>Allgemeine Gesch\u00e4ftsbedingungen f\u00fcr K\u00e4ufe im Onlineshop unter Radiosonde.online \u00a7 1 Allgemeines, Geltungsbereich der AGB 1.1 Alle Lieferungen und Leistungen erfolgen ausschlie\u00dflich auf der Grundlage der nachfolgenden Allgemeinen Gesch\u00e4ftsbedingungen (nachfolgend \u201eAGB\u201c) in ihrer zum Zeitpunkt der Bestellung g\u00fcltigen Fassung. 1.2 Vertragspartner ist Gra\u00dfl Markus, Hohenbogenstra\u00dfe 15 93453 Neukirchen. 1.3 Kunde im Sinne dieser Gesch\u00e4ftsbedingungen k\u00f6nnen Verbraucher &hellip; <\/p>\n<p class=\"link-more\"><a href=\"https:\/\/radiosonde.online\/?page_id=452\" class=\"more-link\"><span class=\"screen-reader-text\">\u201eAGB\u201c<\/span> weiterlesen<\/a><\/p>\n","protected":false},"author":1,"featured_media":0,"parent":0,"menu_order":0,"comment_status":"closed","ping_status":"closed","template":"","meta":{"footnotes":""},"class_list":["post-452","page","type-page","status-publish","hentry"],"_links":{"self":[{"href":"https:\/\/radiosonde.online\/index.php?rest_route=\/wp\/v2\/pages\/452","targetHints":{"allow":["GET"]}}],"collection":[{"href":"https:\/\/radiosonde.online\/index.php?rest_route=\/wp\/v2\/pages"}],"about":[{"href":"https:\/\/radiosonde.online\/index.php?rest_route=\/wp\/v2\/types\/page"}],"author":[{"embeddable":true,"href":"https:\/\/radiosonde.online\/index.php?rest_route=\/wp\/v2\/users\/1"}],"replies":[{"embeddable":true,"href":"https:\/\/radiosonde.online\/index.php?rest_route=%2Fwp%2Fv2%2Fcomments&post=452"}],"version-history":[{"count":2,"href":"https:\/\/radiosonde.online\/index.php?rest_route=\/wp\/v2\/pages\/452\/revisions"}],"predecessor-version":[{"id":519,"href":"https:\/\/radiosonde.online\/index.php?rest_route=\/wp\/v2\/pages\/452\/revisions\/519"}],"wp:attachment":[{"href":"https:\/\/radiosonde.online\/index.php?rest_route=%2Fwp%2Fv2%2Fmedia&parent=452"}],"curies":[{"name":"wp","href":"https:\/\/api.w.org\/{rel}","templated":true}]}}