{"id":345,"date":"2021-01-08T21:26:44","date_gmt":"2021-01-08T21:26:44","guid":{"rendered":"http:\/\/radiosonde.online\/?page_id=345"},"modified":"2021-02-22T09:45:44","modified_gmt":"2021-02-22T09:45:44","slug":"sondeberry-v2-mit-pi4-und-oe5dxlmap-im-mobilen-einsatz","status":"publish","type":"page","link":"https:\/\/radiosonde.online\/?page_id=345","title":{"rendered":"Sondeberry V2 mit PI4 und OE5(DXLmap) im mobilen Einsatz."},"content":{"rendered":"\n<p>Neue vereinfachte Version.<\/p>\n\n\n\n<figure class=\"wp-block-image size-large\"><img loading=\"lazy\" decoding=\"async\" width=\"616\" height=\"405\" src=\"https:\/\/radiosonde.online\/wp-content\/uploads\/2021\/02\/photo_2021-02-12_19-52-35.jpg\" alt=\"\" class=\"wp-image-457\" srcset=\"https:\/\/radiosonde.online\/wp-content\/uploads\/2021\/02\/photo_2021-02-12_19-52-35.jpg 616w, https:\/\/radiosonde.online\/wp-content\/uploads\/2021\/02\/photo_2021-02-12_19-52-35-300x197.jpg 300w, https:\/\/radiosonde.online\/wp-content\/uploads\/2021\/02\/photo_2021-02-12_19-52-35-350x230.jpg 350w\" sizes=\"auto, (max-width: 616px) 100vw, 616px\" \/><\/figure>\n\n\n\n<p>Key Features: Raspberry PI4 4Gb voll USV gest\u00fctzt mit 8000mAh Akku, GPS Empf\u00e4nger, 2 x Nooelec NESDR Nano 3, ABS Geh\u00e4use. <\/p>\n\n\n\n<figure class=\"wp-block-image size-large is-resized\"><img loading=\"lazy\" decoding=\"async\" src=\"https:\/\/radiosonde.online\/wp-content\/uploads\/2021\/02\/AKcUV-1024x341.png\" alt=\"\" class=\"wp-image-472\" width=\"674\" height=\"224\" srcset=\"https:\/\/radiosonde.online\/wp-content\/uploads\/2021\/02\/AKcUV-1024x341.png 1024w, https:\/\/radiosonde.online\/wp-content\/uploads\/2021\/02\/AKcUV-300x100.png 300w, https:\/\/radiosonde.online\/wp-content\/uploads\/2021\/02\/AKcUV-768x256.png 768w, https:\/\/radiosonde.online\/wp-content\/uploads\/2021\/02\/AKcUV-1536x512.png 1536w, https:\/\/radiosonde.online\/wp-content\/uploads\/2021\/02\/AKcUV-2048x683.png 2048w, https:\/\/radiosonde.online\/wp-content\/uploads\/2021\/02\/AKcUV-350x117.png 350w\" sizes=\"auto, (max-width: 674px) 100vw, 674px\" \/><\/figure>\n\n\n\n<figure class=\"wp-block-image size-large\"><img loading=\"lazy\" decoding=\"async\" width=\"1024\" height=\"422\" src=\"https:\/\/radiosonde.online\/wp-content\/uploads\/2021\/02\/Pln-rpi-1024x422.jpg\" alt=\"\" class=\"wp-image-473\" srcset=\"https:\/\/radiosonde.online\/wp-content\/uploads\/2021\/02\/Pln-rpi-1024x422.jpg 1024w, https:\/\/radiosonde.online\/wp-content\/uploads\/2021\/02\/Pln-rpi-300x124.jpg 300w, https:\/\/radiosonde.online\/wp-content\/uploads\/2021\/02\/Pln-rpi-768x317.jpg 768w, https:\/\/radiosonde.online\/wp-content\/uploads\/2021\/02\/Pln-rpi-1536x634.jpg 1536w, https:\/\/radiosonde.online\/wp-content\/uploads\/2021\/02\/Pln-rpi-350x144.jpg 350w, https:\/\/radiosonde.online\/wp-content\/uploads\/2021\/02\/Pln-rpi.jpg 1576w\" sizes=\"auto, (max-width: 767px) 89vw, (max-width: 1000px) 54vw, (max-width: 1071px) 543px, 580px\" \/><\/figure>\n\n\n\n<p>Unten findet Ihr alle Dinge, die ich im Laufe des Baus benutzt habe, die dinge mit Stern (*) sind unbedingt notwendig <\/p>\n\n\n\n<p>Eine Beschreibung gibt es auch als <a href=\"https:\/\/youtu.be\/oOsNfU4EFzw\" target=\"_blank\" rel=\"noreferrer noopener\"><strong><em>V<\/em>i<em>deo<\/em><\/strong><\/a>. Software kommt in der Folgewoche als Image. <\/p>\n\n\n\n<ol class=\"wp-block-list\"><li><strong>* Geh\u00e4use unter <a href=\"mailto:afu3D_druck@yahoo.com\">afu3D_druck@yahoo.com<\/a><\/strong><\/li><li><strong>*<a href=\"https:\/\/amzn.to\/3dzW9Y0\">GPS Modul NEO6<\/a><\/strong> &#8211;>unbedingt  NEO6 Modul, zur Not bei AliExpress mit dieser Bauform<\/li><li><strong>*<a href=\"https:\/\/www.amazon.de\/gp\/product\/B07FCMKK5X\/ref=as_li_tl?ie=UTF8&amp;camp=1638&amp;creative=6742&amp;creativeASIN=B07FCMKK5X&amp;linkCode=as2&amp;tag=radiosondeonl-21&amp;linkId=5d0307cf0aaba189a95fcc1cce28744c\">SD Karte 128Gb<\/a><\/strong><\/li><li><a href=\"https:\/\/www.amazon.de\/gp\/product\/B0832G5VKZ\/ref=as_li_tl?ie=UTF8&amp;camp=1638&amp;creative=6742&amp;creativeASIN=B0832G5VKZ&amp;linkCode=as2&amp;tag=radiosondeonl-21&amp;linkId=04ec4f14b0bb80e80ce18450dbbb245d\">Magnetisches Micro USB kabel<\/a><\/li><li><strong>*<a href=\"https:\/\/www.amazon.de\/gp\/product\/B00I2KNUWK\/ref=as_li_tl?ie=UTF8&amp;camp=1638&amp;creative=6742&amp;creativeASIN=B00I2KNUWK&amp;linkCode=as2&amp;tag=radiosondeonl-21&amp;linkId=37ea81942a1619c8f36f256f5a3396de\">L\u00fcfter 5V 25x25x10mm Sunon<\/a><\/strong><\/li><li><a href=\"https:\/\/www.amazon.de\/gp\/product\/B000QB6HZK\/ref=as_li_tl?ie=UTF8&amp;camp=1638&amp;creative=6742&amp;creativeASIN=B000QB6HZK&amp;linkCode=as2&amp;tag=radiosondeonl-21&amp;linkId=471da54f68b34ccc47fffbb2e36ca0c6\">UHU Kleber Hart Kunststoff<\/a><\/li><li><a href=\"https:\/\/www.amazon.de\/gp\/product\/B08BZQSDL8\/ref=as_li_tl?ie=UTF8&amp;camp=1638&amp;creative=6742&amp;creativeASIN=B08BZQSDL8&amp;linkCode=as2&amp;tag=radiosondeonl-21&amp;linkId=eb4b23596fcd59160150e46dc2e37a59\">Schrumpfschlauch Set<\/a><\/li><li><a href=\"https:\/\/www.amazon.de\/gp\/product\/B07V3QMR3T\/ref=as_li_tl?ie=UTF8&amp;camp=1638&amp;creative=6742&amp;creativeASIN=B07V3QMR3T&amp;linkCode=as2&amp;tag=radiosondeonl-21&amp;linkId=12a8de02b5fbb7ac8978649670f4ec5a\">Selbstverl\u00f6tende Schrupfschl\u00e4uche<\/a><\/li><li><a href=\"https:\/\/www.amazon.de\/gp\/product\/B07G712KWJ\/ref=as_li_tl?ie=UTF8&amp;camp=1638&amp;creative=6742&amp;creativeASIN=B07G712KWJ&amp;linkCode=as2&amp;tag=radiosondeonl-21&amp;linkId=71a8815451bbfe27e61969009b5c18c4\">Silikonlitze 28AWG Set<\/a><\/li><li><a href=\"https:\/\/www.amazon.de\/gp\/product\/B07TT68455\/ref=as_li_tl?ie=UTF8&amp;camp=1638&amp;creative=6742&amp;creativeASIN=B07TT68455&amp;linkCode=as2&amp;tag=radiosondeonl-21&amp;linkId=07f13d789e725432a6115ac800d987f1\">Silikonlitze 18AWG Set<\/a><\/li><li><strong>*<a href=\"https:\/\/www.amazon.de\/gp\/product\/B076GWF6FF\/ref=as_li_tl?ie=UTF8&amp;camp=1638&amp;creative=6742&amp;creativeASIN=B076GWF6FF&amp;linkCode=as2&amp;tag=radiosondeonl-21&amp;linkId=f1b1f0402f3fdda893bd20e74483f076\">Nooelec SDR SET Nano 3<\/a><\/strong><\/li><li><strong>*<a href=\"https:\/\/www.amazon.de\/gp\/product\/B00XCKDZJI\/ref=as_li_tl?ie=UTF8&amp;camp=1638&amp;creative=6742&amp;creativeASIN=B00XCKDZJI&amp;linkCode=as2&amp;tag=radiosondeonl-21&amp;linkId=49d1c3d9d5d08139942c90e110a24347\">KFZ Halterung Sondeberry<\/a><\/strong><\/li><li><strong>*<a href=\"https:\/\/www.amazon.de\/gp\/product\/B014WKCFR4\/ref=as_li_tl?ie=UTF8&amp;camp=1638&amp;creative=6742&amp;creativeASIN=B014WKCFR4&amp;linkCode=as2&amp;tag=radiosondeonl-21&amp;linkId=664f9458e9e7c1d0b5c7ede59c2e4426\">Display 7 Zoll Original RPI<\/a><\/strong><\/li><li><a href=\"https:\/\/www.amazon.de\/gp\/product\/B077TLNKJZ\/ref=as_li_tl?ie=UTF8&amp;camp=1638&amp;creative=6742&amp;creativeASIN=B077TLNKJZ&amp;linkCode=as2&amp;tag=radiosondeonl-21&amp;linkId=b80f726ff07914ef9c1b8d4b38396409\">Transistor Set BC547<\/a><\/li><li><strong>* <a href=\"https:\/\/www.amazon.de\/gp\/product\/B07TC2BK1X\/ref=as_li_tl?ie=UTF8&amp;camp=1638&amp;creative=6742&amp;creativeASIN=B07TC2BK1X&amp;linkCode=as2&amp;tag=radiosondeonl-21&amp;linkId=8878f629228945d7d54488a22cb6f0c5\">Raspberry pi4 4GB<\/a><\/strong><\/li><li><strong>* <a href=\"https:\/\/www.amazon.de\/gp\/product\/B087RBZC51\/ref=as_li_tl?ie=UTF8&amp;camp=1638&amp;creative=6742&amp;creativeASIN=B087RBZC51&amp;linkCode=as2&amp;tag=radiosondeonl-21&amp;linkId=119c766bbc9403595cf6b4c0d83261aa\">Akku 8000mAh<\/a><\/strong><\/li><li><strong>* <a href=\"https:\/\/www.tinytronics.nl\/shop\/nl\/raspberry-pi\/voedingen\/pijuice-hat-raspberry-pi-batterij-module\">PiJuice USV<\/a><\/strong> Eine Verk\u00e4ufer liste, falls ausverkauft<a href=\"https:\/\/uk.pi-supply.com\/products\/pijuice-standard?lang=de\"> hier<\/a><\/li><li><strong>* <a href=\"https:\/\/www.amazon.de\/gp\/product\/B07PGT7LSR\/ref=as_li_tl?ie=UTF8&amp;camp=1638&amp;creative=6742&amp;creativeASIN=B07PGT7LSR&amp;linkCode=as2&amp;tag=radiosondeonl-21&amp;linkId=79bb1151c7227054e84fc71075e21528\">Anker KFZ Lader mit Power<\/a><\/strong><\/li><\/ol>\n\n\n\n<figure class=\"wp-block-image size-large\"><img loading=\"lazy\" decoding=\"async\" width=\"1010\" height=\"860\" src=\"https:\/\/radiosonde.online\/wp-content\/uploads\/2021\/02\/Sondeberry-1.jpg\" alt=\"\" class=\"wp-image-476\" srcset=\"https:\/\/radiosonde.online\/wp-content\/uploads\/2021\/02\/Sondeberry-1.jpg 1010w, https:\/\/radiosonde.online\/wp-content\/uploads\/2021\/02\/Sondeberry-1-300x255.jpg 300w, https:\/\/radiosonde.online\/wp-content\/uploads\/2021\/02\/Sondeberry-1-768x654.jpg 768w, https:\/\/radiosonde.online\/wp-content\/uploads\/2021\/02\/Sondeberry-1-350x298.jpg 350w\" sizes=\"auto, (max-width: 767px) 89vw, (max-width: 1000px) 54vw, (max-width: 1071px) 543px, 580px\" \/><\/figure>\n\n\n\n<p>Kosten belaufen sich in etwa auf 470\u20ac im Selbstbau je nach Bezugsquellen und Preisschwankungen.<\/p>\n ","protected":false},"excerpt":{"rendered":"<p>Neue vereinfachte Version. Key Features: Raspberry PI4 4Gb voll USV gest\u00fctzt mit 8000mAh Akku, GPS Empf\u00e4nger, 2 x Nooelec NESDR Nano 3, ABS Geh\u00e4use. Unten findet Ihr alle Dinge, die ich im Laufe des Baus benutzt habe, die dinge mit Stern (*) sind unbedingt notwendig Eine Beschreibung gibt es auch als Video. Software kommt in &hellip; <\/p>\n<p class=\"link-more\"><a href=\"https:\/\/radiosonde.online\/?page_id=345\" class=\"more-link\"><span class=\"screen-reader-text\">\u201eSondeberry V2 mit PI4 und OE5(DXLmap) im mobilen Einsatz.\u201c<\/span> weiterlesen<\/a><\/p>\n","protected":false},"author":1,"featured_media":0,"parent":0,"menu_order":0,"comment_status":"closed","ping_status":"closed","template":"","meta":{"footnotes":""},"class_list":["post-345","page","type-page","status-publish","hentry"],"_links":{"self":[{"href":"https:\/\/radiosonde.online\/index.php?rest_route=\/wp\/v2\/pages\/345","targetHints":{"allow":["GET"]}}],"collection":[{"href":"https:\/\/radiosonde.online\/index.php?rest_route=\/wp\/v2\/pages"}],"about":[{"href":"https:\/\/radiosonde.online\/index.php?rest_route=\/wp\/v2\/types\/page"}],"author":[{"embeddable":true,"href":"https:\/\/radiosonde.online\/index.php?rest_route=\/wp\/v2\/users\/1"}],"replies":[{"embeddable":true,"href":"https:\/\/radiosonde.online\/index.php?rest_route=%2Fwp%2Fv2%2Fcomments&post=345"}],"version-history":[{"count":18,"href":"https:\/\/radiosonde.online\/index.php?rest_route=\/wp\/v2\/pages\/345\/revisions"}],"predecessor-version":[{"id":511,"href":"https:\/\/radiosonde.online\/index.php?rest_route=\/wp\/v2\/pages\/345\/revisions\/511"}],"wp:attachment":[{"href":"https:\/\/radiosonde.online\/index.php?rest_route=%2Fwp%2Fv2%2Fmedia&parent=345"}],"curies":[{"name":"wp","href":"https:\/\/api.w.org\/{rel}","templated":true}]}}