{"id":326,"date":"2021-01-07T14:38:46","date_gmt":"2021-01-07T14:38:46","guid":{"rendered":"http:\/\/radiosonde.online\/?page_id=326"},"modified":"2021-01-07T15:28:59","modified_gmt":"2021-01-07T15:28:59","slug":"wie-bringt-man-den-umweltsensor-an-fuer-die-wx-gehaeuse","status":"publish","type":"page","link":"https:\/\/radiosonde.online\/?page_id=326","title":{"rendered":"Wie man den Umweltsensor an das Lora APRS+WX Geh\u00e4use anbringt."},"content":{"rendered":"\n<figure class=\"wp-block-image size-large is-style-rounded\"><img loading=\"lazy\" decoding=\"async\" width=\"1024\" height=\"767\" src=\"https:\/\/radiosonde.online\/wp-content\/uploads\/2021\/01\/Sensor-vom-Board-trennen-und-duenne-kabel-anloeten-der-schrumpfschlauch-muss-nicht-sein-1024x767.jpg\" alt=\"\" class=\"wp-image-327\" srcset=\"https:\/\/radiosonde.online\/wp-content\/uploads\/2021\/01\/Sensor-vom-Board-trennen-und-duenne-kabel-anloeten-der-schrumpfschlauch-muss-nicht-sein-1024x767.jpg 1024w, https:\/\/radiosonde.online\/wp-content\/uploads\/2021\/01\/Sensor-vom-Board-trennen-und-duenne-kabel-anloeten-der-schrumpfschlauch-muss-nicht-sein-350x262.jpg 350w, https:\/\/radiosonde.online\/wp-content\/uploads\/2021\/01\/Sensor-vom-Board-trennen-und-duenne-kabel-anloeten-der-schrumpfschlauch-muss-nicht-sein-300x225.jpg 300w, https:\/\/radiosonde.online\/wp-content\/uploads\/2021\/01\/Sensor-vom-Board-trennen-und-duenne-kabel-anloeten-der-schrumpfschlauch-muss-nicht-sein-768x575.jpg 768w, https:\/\/radiosonde.online\/wp-content\/uploads\/2021\/01\/Sensor-vom-Board-trennen-und-duenne-kabel-anloeten-der-schrumpfschlauch-muss-nicht-sein.jpg 1276w\" sizes=\"auto, (max-width: 767px) 89vw, (max-width: 1000px) 54vw, (max-width: 1071px) 543px, 580px\" \/><figcaption><strong><span class=\"has-inline-color has-luminous-vivid-amber-color\">Als Erstes trennt man die Platine vom Sensor und bringt gleich d\u00fcnne Kabel an. Der Schrumpfschlauch muss nicht sein, da das Geh\u00e4use den Anschlussteil sowieso verdeckt. Ihr m\u00fcsst dann nur aufpassen beim Einf\u00e4deln das kein Beinchen einen Kurzschluss erzeugt.<\/span><\/strong><\/figcaption><\/figure>\n\n\n\n<figure class=\"wp-block-image size-large is-style-rounded\"><img loading=\"lazy\" decoding=\"async\" width=\"767\" height=\"1024\" src=\"https:\/\/radiosonde.online\/wp-content\/uploads\/2021\/01\/So-kommen-sie-im-inneren-dann-an-767x1024.jpg\" alt=\"\" class=\"wp-image-328\" srcset=\"https:\/\/radiosonde.online\/wp-content\/uploads\/2021\/01\/So-kommen-sie-im-inneren-dann-an-767x1024.jpg 767w, https:\/\/radiosonde.online\/wp-content\/uploads\/2021\/01\/So-kommen-sie-im-inneren-dann-an-350x467.jpg 350w, https:\/\/radiosonde.online\/wp-content\/uploads\/2021\/01\/So-kommen-sie-im-inneren-dann-an-225x300.jpg 225w, https:\/\/radiosonde.online\/wp-content\/uploads\/2021\/01\/So-kommen-sie-im-inneren-dann-an-768x1025.jpg 768w, https:\/\/radiosonde.online\/wp-content\/uploads\/2021\/01\/So-kommen-sie-im-inneren-dann-an.jpg 956w\" sizes=\"auto, (max-width: 767px) 89vw, (max-width: 1000px) 54vw, (max-width: 1071px) 543px, 580px\" \/><figcaption><strong><span class=\"has-inline-color has-luminous-vivid-amber-color\">So kommen sie im inneren dann an. <\/span><\/strong><\/figcaption><\/figure>\n\n\n\n<figure class=\"wp-block-image size-large is-resized is-style-rounded\"><img loading=\"lazy\" decoding=\"async\" src=\"https:\/\/radiosonde.online\/wp-content\/uploads\/2021\/01\/Platine-wieder-anloeten-so-das-nun-die-Bauteilseite-oben-liegt-sparsam-Loeten-das-sind-keine-Power-Kabel-767x1024.jpg\" alt=\"\" class=\"wp-image-329\" width=\"610\" height=\"814\" srcset=\"https:\/\/radiosonde.online\/wp-content\/uploads\/2021\/01\/Platine-wieder-anloeten-so-das-nun-die-Bauteilseite-oben-liegt-sparsam-Loeten-das-sind-keine-Power-Kabel-767x1024.jpg 767w, https:\/\/radiosonde.online\/wp-content\/uploads\/2021\/01\/Platine-wieder-anloeten-so-das-nun-die-Bauteilseite-oben-liegt-sparsam-Loeten-das-sind-keine-Power-Kabel-350x467.jpg 350w, https:\/\/radiosonde.online\/wp-content\/uploads\/2021\/01\/Platine-wieder-anloeten-so-das-nun-die-Bauteilseite-oben-liegt-sparsam-Loeten-das-sind-keine-Power-Kabel-225x300.jpg 225w, https:\/\/radiosonde.online\/wp-content\/uploads\/2021\/01\/Platine-wieder-anloeten-so-das-nun-die-Bauteilseite-oben-liegt-sparsam-Loeten-das-sind-keine-Power-Kabel-768x1025.jpg 768w, https:\/\/radiosonde.online\/wp-content\/uploads\/2021\/01\/Platine-wieder-anloeten-so-das-nun-die-Bauteilseite-oben-liegt-sparsam-Loeten-das-sind-keine-Power-Kabel.jpg 956w\" sizes=\"auto, (max-width: 610px) 100vw, 610px\" \/><figcaption><strong><span class=\"has-inline-color has-luminous-vivid-amber-color\">L\u00f6tet zuvor noch die 3 Leitungen f\u00fcr die Verbindung zum TTGo an Plus=Rot braun=Data und Minus=Schwarz. Dreht die Platine so das Ihr die Kabel auf der Bauteilseite anl\u00f6tet. Vielleicht schreibt Ihr Euch auf wo die jeweilige Farbe  vorher war, so macht man hier keinen Fehler. <\/span><\/strong><\/figcaption><\/figure>\n\n\n\n<figure class=\"wp-block-image size-large is-resized is-style-rounded\"><img loading=\"lazy\" decoding=\"async\" src=\"https:\/\/radiosonde.online\/wp-content\/uploads\/2021\/01\/dann-alles-in-die-aussparung-einlegen-kabel-nach-unten-druecken-und-mit-einem-tropfen-Sekundenkleber-fixieren-767x1024.jpg\" alt=\"\" class=\"wp-image-330\" width=\"652\" height=\"869\" srcset=\"https:\/\/radiosonde.online\/wp-content\/uploads\/2021\/01\/dann-alles-in-die-aussparung-einlegen-kabel-nach-unten-druecken-und-mit-einem-tropfen-Sekundenkleber-fixieren-767x1024.jpg 767w, https:\/\/radiosonde.online\/wp-content\/uploads\/2021\/01\/dann-alles-in-die-aussparung-einlegen-kabel-nach-unten-druecken-und-mit-einem-tropfen-Sekundenkleber-fixieren-350x467.jpg 350w, https:\/\/radiosonde.online\/wp-content\/uploads\/2021\/01\/dann-alles-in-die-aussparung-einlegen-kabel-nach-unten-druecken-und-mit-einem-tropfen-Sekundenkleber-fixieren-225x300.jpg 225w, https:\/\/radiosonde.online\/wp-content\/uploads\/2021\/01\/dann-alles-in-die-aussparung-einlegen-kabel-nach-unten-druecken-und-mit-einem-tropfen-Sekundenkleber-fixieren-768x1025.jpg 768w, https:\/\/radiosonde.online\/wp-content\/uploads\/2021\/01\/dann-alles-in-die-aussparung-einlegen-kabel-nach-unten-druecken-und-mit-einem-tropfen-Sekundenkleber-fixieren.jpg 956w\" sizes=\"auto, (max-width: 652px) 100vw, 652px\" \/><figcaption><strong><span class=\"has-inline-color has-luminous-vivid-amber-color\">Danach dreht man die Platine etwas ein um die Leitungen sauber nach unten dr\u00fccken zu k\u00f6nnen und fixiert das ganze mit einem Tropfen Sekundenkleber. Nun steht dem Einbau der Hauptplatine nichts mehr im Wege.<\/span><\/strong><\/figcaption><\/figure>\n\n\n\n<div class=\"wp-block-buttons is-layout-flex wp-block-buttons-is-layout-flex\">\n<div class=\"wp-block-button is-style-fill\"><a class=\"wp-block-button__link\" href=\"https:\/\/radiosonde.online\/\">zur\u00fcck<\/a><\/div>\n<\/div>\n\n\n\n<p><\/p>\n ","protected":false},"excerpt":{"rendered":"","protected":false},"author":1,"featured_media":0,"parent":0,"menu_order":0,"comment_status":"closed","ping_status":"closed","template":"","meta":{"footnotes":""},"class_list":["post-326","page","type-page","status-publish","hentry"],"_links":{"self":[{"href":"https:\/\/radiosonde.online\/index.php?rest_route=\/wp\/v2\/pages\/326","targetHints":{"allow":["GET"]}}],"collection":[{"href":"https:\/\/radiosonde.online\/index.php?rest_route=\/wp\/v2\/pages"}],"about":[{"href":"https:\/\/radiosonde.online\/index.php?rest_route=\/wp\/v2\/types\/page"}],"author":[{"embeddable":true,"href":"https:\/\/radiosonde.online\/index.php?rest_route=\/wp\/v2\/users\/1"}],"replies":[{"embeddable":true,"href":"https:\/\/radiosonde.online\/index.php?rest_route=%2Fwp%2Fv2%2Fcomments&post=326"}],"version-history":[{"count":9,"href":"https:\/\/radiosonde.online\/index.php?rest_route=\/wp\/v2\/pages\/326\/revisions"}],"predecessor-version":[{"id":343,"href":"https:\/\/radiosonde.online\/index.php?rest_route=\/wp\/v2\/pages\/326\/revisions\/343"}],"wp:attachment":[{"href":"https:\/\/radiosonde.online\/index.php?rest_route=%2Fwp%2Fv2%2Fmedia&parent=326"}],"curies":[{"name":"wp","href":"https:\/\/api.w.org\/{rel}","templated":true}]}}