{"id":166,"date":"2021-01-01T12:48:06","date_gmt":"2021-01-01T12:48:06","guid":{"rendered":"http:\/\/radiosonde.online\/?page_id=166"},"modified":"2021-01-01T23:50:45","modified_gmt":"2021-01-01T23:50:45","slug":"ttgo-t-beam-gehaeuse-fuer-lora-tracker-wx-fuer-oled-0-96-mit-ladestation","status":"publish","type":"page","link":"https:\/\/radiosonde.online\/?page_id=166","title":{"rendered":"TTGo T-Beam Geh\u00e4use f\u00fcr Lora Tracker +WX f\u00fcr OLED 0.96&#8243;  mit Ladestation"},"content":{"rendered":"\n<figure class=\"wp-block-image size-large is-style-rounded\"><img loading=\"lazy\" decoding=\"async\" width=\"899\" height=\"751\" src=\"https:\/\/radiosonde.online\/wp-content\/uploads\/2021\/01\/Lora-aprs-096wx.jpg\" alt=\"\" class=\"wp-image-167\" srcset=\"https:\/\/radiosonde.online\/wp-content\/uploads\/2021\/01\/Lora-aprs-096wx.jpg 899w, https:\/\/radiosonde.online\/wp-content\/uploads\/2021\/01\/Lora-aprs-096wx-350x292.jpg 350w, https:\/\/radiosonde.online\/wp-content\/uploads\/2021\/01\/Lora-aprs-096wx-300x251.jpg 300w, https:\/\/radiosonde.online\/wp-content\/uploads\/2021\/01\/Lora-aprs-096wx-768x642.jpg 768w\" sizes=\"auto, (max-width: 767px) 89vw, (max-width: 1000px) 54vw, (max-width: 1071px) 543px, 580px\" \/><\/figure>\n\n\n\n<figure class=\"wp-block-image size-large is-style-rounded\"><img loading=\"lazy\" decoding=\"async\" width=\"936\" height=\"806\" src=\"https:\/\/radiosonde.online\/wp-content\/uploads\/2021\/01\/Lora-aprs-096wx-back-1.jpg\" alt=\"\" class=\"wp-image-184\" srcset=\"https:\/\/radiosonde.online\/wp-content\/uploads\/2021\/01\/Lora-aprs-096wx-back-1.jpg 936w, https:\/\/radiosonde.online\/wp-content\/uploads\/2021\/01\/Lora-aprs-096wx-back-1-350x301.jpg 350w, https:\/\/radiosonde.online\/wp-content\/uploads\/2021\/01\/Lora-aprs-096wx-back-1-300x258.jpg 300w, https:\/\/radiosonde.online\/wp-content\/uploads\/2021\/01\/Lora-aprs-096wx-back-1-768x661.jpg 768w\" sizes=\"auto, (max-width: 767px) 89vw, (max-width: 1000px) 54vw, (max-width: 1071px) 543px, 580px\" \/><\/figure>\n\n\n\n<div class=\"wp-block-buttons is-layout-flex wp-block-buttons-is-layout-flex\">\n<div class=\"wp-block-button\"><a class=\"wp-block-button__link\" href=\"https:\/\/radiosonde.online\/\">zur\u00fcck<\/a><\/div>\n<\/div>\n ","protected":false},"excerpt":{"rendered":"","protected":false},"author":1,"featured_media":0,"parent":0,"menu_order":0,"comment_status":"closed","ping_status":"closed","template":"","meta":{"footnotes":""},"class_list":["post-166","page","type-page","status-publish","hentry"],"_links":{"self":[{"href":"https:\/\/radiosonde.online\/index.php?rest_route=\/wp\/v2\/pages\/166","targetHints":{"allow":["GET"]}}],"collection":[{"href":"https:\/\/radiosonde.online\/index.php?rest_route=\/wp\/v2\/pages"}],"about":[{"href":"https:\/\/radiosonde.online\/index.php?rest_route=\/wp\/v2\/types\/page"}],"author":[{"embeddable":true,"href":"https:\/\/radiosonde.online\/index.php?rest_route=\/wp\/v2\/users\/1"}],"replies":[{"embeddable":true,"href":"https:\/\/radiosonde.online\/index.php?rest_route=%2Fwp%2Fv2%2Fcomments&post=166"}],"version-history":[{"count":11,"href":"https:\/\/radiosonde.online\/index.php?rest_route=\/wp\/v2\/pages\/166\/revisions"}],"predecessor-version":[{"id":316,"href":"https:\/\/radiosonde.online\/index.php?rest_route=\/wp\/v2\/pages\/166\/revisions\/316"}],"wp:attachment":[{"href":"https:\/\/radiosonde.online\/index.php?rest_route=%2Fwp%2Fv2%2Fmedia&parent=166"}],"curies":[{"name":"wp","href":"https:\/\/api.w.org\/{rel}","templated":true}]}}