{"id":105,"date":"2020-02-20T14:32:49","date_gmt":"2020-02-20T14:32:49","guid":{"rendered":"http:\/\/radiosonde.online\/?page_id=105"},"modified":"2020-02-20T14:32:49","modified_gmt":"2020-02-20T14:32:49","slug":"suchst-du-kriegst-du","status":"publish","type":"page","link":"https:\/\/radiosonde.online\/?page_id=105","title":{"rendered":"Suchst Du, Kriegst Du!"},"content":{"rendered":"\n<p>Many thanks for your support!! Alle Artikel die \u00fcber diesen Link gekauft werden Unterst\u00fctzen Die Seite ohne das es teurer wird. Solltet Ihr euch dazu entschlie\u00dfen Anderweitig die Fortentwicklung dieser Seite zu unterst\u00fctzen, k\u00f6nnt Ihr mir auch einen Kaffee zukommen lassen per Paypal. Kaffee ist der Antrieb der Computerbranche \ud83d\ude42<\/p>\n\n\n\n<p><a href=\"http:\/\/www.amazon.de\/exec\/obidos\/redirect-home?tag=radiosondeonl-21&amp;site=home\"> \nEinkaufen bei Amazon.de<\/a><\/p>\n\n\n\n<p><a href=\"https:\/\/www.paypal.com\/cgi-bin\/webscr?business=Grassator1st@yahoo.de&amp;cmd=_xclick&amp;currency_code=EUR&amp;amount=3&amp;item_name=Erhaltung%20und%20finanzierung%20der%20Projekte%20auf%20Radiosonde.online%20Da%20alle%20ger%E4te%20die%20Gebaut%20werden%20nur%20die%20unkosten%20decken%20und%20damit%20kein%20Gewinn%20erzielt%20wird%2C%20k%F6nnt%20Ihr%20hier%20einen%20Kaffe%20als%20Treibstoff%20liefern.\">Paypal Spende<\/a><\/p>\n ","protected":false},"excerpt":{"rendered":"<p>Many thanks for your support!! Alle Artikel die \u00fcber diesen Link gekauft werden Unterst\u00fctzen Die Seite ohne das es teurer wird. Solltet Ihr euch dazu entschlie\u00dfen Anderweitig die Fortentwicklung dieser Seite zu unterst\u00fctzen, k\u00f6nnt Ihr mir auch einen Kaffee zukommen lassen per Paypal. Kaffee ist der Antrieb der Computerbranche \ud83d\ude42 Einkaufen bei Amazon.de Paypal Spende<\/p>\n","protected":false},"author":1,"featured_media":0,"parent":0,"menu_order":0,"comment_status":"closed","ping_status":"closed","template":"","meta":{"footnotes":""},"class_list":["post-105","page","type-page","status-publish","hentry"],"_links":{"self":[{"href":"https:\/\/radiosonde.online\/index.php?rest_route=\/wp\/v2\/pages\/105","targetHints":{"allow":["GET"]}}],"collection":[{"href":"https:\/\/radiosonde.online\/index.php?rest_route=\/wp\/v2\/pages"}],"about":[{"href":"https:\/\/radiosonde.online\/index.php?rest_route=\/wp\/v2\/types\/page"}],"author":[{"embeddable":true,"href":"https:\/\/radiosonde.online\/index.php?rest_route=\/wp\/v2\/users\/1"}],"replies":[{"embeddable":true,"href":"https:\/\/radiosonde.online\/index.php?rest_route=%2Fwp%2Fv2%2Fcomments&post=105"}],"version-history":[{"count":14,"href":"https:\/\/radiosonde.online\/index.php?rest_route=\/wp\/v2\/pages\/105\/revisions"}],"predecessor-version":[{"id":121,"href":"https:\/\/radiosonde.online\/index.php?rest_route=\/wp\/v2\/pages\/105\/revisions\/121"}],"wp:attachment":[{"href":"https:\/\/radiosonde.online\/index.php?rest_route=%2Fwp%2Fv2%2Fmedia&parent=105"}],"curies":[{"name":"wp","href":"https:\/\/api.w.org\/{rel}","templated":true}]}}